{"id":8,"date":"2019-02-25T22:15:34","date_gmt":"2019-02-25T22:15:34","guid":{"rendered":"http:\/\/psychiatriebeschwerde-hl-oh.de\/?page_id=8"},"modified":"2019-02-25T22:15:34","modified_gmt":"2019-02-25T22:15:34","slug":"wir-unterstuetzen-sie","status":"publish","type":"page","link":"https:\/\/psychiatriebeschwerde-hl-oh.de\/?page_id=8","title":{"rendered":"Wir unterst\u00fctzen Sie"},"content":{"rendered":"\n<p>Wir nehmen Ihre Beschwerde auf und besprechen Ihr Anliegen innerhalb der Beschwerdestelle. F\u00fcr die weitere Vorgehensweise machen wir Ihnen einen Vorschlag.<\/p>\n\n\n\n<p>Wir beziehen Sie in unsere Vorgehensweise stets mit ein und lassen Sie entscheiden, ob Sie mit dem Vorschlag einverstanden sind. Au\u00dfenstehenden gegen\u00fcber sind wir zur Verschwiegenheit verpflichtet.<\/p>\n\n\n\n<p>Unsere Unterst\u00fctzung kann darin bestehen, dass wir zum Beispiel:<\/p>\n\n\n\n<ul><li>Sie grunds\u00e4tzlich \u00fcber Ihre M\u00f6glichkeiten der Beschwerde beraten,<\/li><li>gemeinsam mit Ihnen ein Schreiben aufsetzen,<\/li><li>vermittelnd t\u00e4tig werden,<\/li><li>Sie begleiten, wenn Sie Ihre Beschwerde an Ort und Stelle vortragen m\u00f6chten oder<\/li><li>eine weitergehende Beratung vermitteln <br><\/li><\/ul>\n\n\n\n<p><\/p>\n","protected":false},"excerpt":{"rendered":"<p>Wir nehmen Ihre Beschwerde auf und besprechen Ihr Anliegen innerhalb der Beschwerdestelle. F\u00fcr die weitere Vorgehensweise machen wir Ihnen einen Vorschlag. Wir beziehen Sie in unsere Vorgehensweise stets mit ein und lassen Sie entscheiden, ob Sie mit dem Vorschlag einverstanden sind. Au\u00dfenstehenden gegen\u00fcber sind wir zur Verschwiegenheit verpflichtet. Unsere Unterst\u00fctzung kann darin bestehen, dass wir &#8230; <a title=\"Wir unterst\u00fctzen Sie\" class=\"read-more\" href=\"https:\/\/psychiatriebeschwerde-hl-oh.de\/?page_id=8\">weiterlesen<span class=\"screen-reader-text\">Wir unterst\u00fctzen Sie<\/span><\/a><\/p>\n","protected":false},"author":1,"featured_media":0,"parent":0,"menu_order":0,"comment_status":"closed","ping_status":"closed","template":"","meta":{"footnotes":""},"_links":{"self":[{"href":"https:\/\/psychiatriebeschwerde-hl-oh.de\/index.php?rest_route=\/wp\/v2\/pages\/8"}],"collection":[{"href":"https:\/\/psychiatriebeschwerde-hl-oh.de\/index.php?rest_route=\/wp\/v2\/pages"}],"about":[{"href":"https:\/\/psychiatriebeschwerde-hl-oh.de\/index.php?rest_route=\/wp\/v2\/types\/page"}],"author":[{"embeddable":true,"href":"https:\/\/psychiatriebeschwerde-hl-oh.de\/index.php?rest_route=\/wp\/v2\/users\/1"}],"replies":[{"embeddable":true,"href":"https:\/\/psychiatriebeschwerde-hl-oh.de\/index.php?rest_route=%2Fwp%2Fv2%2Fcomments&post=8"}],"version-history":[{"count":2,"href":"https:\/\/psychiatriebeschwerde-hl-oh.de\/index.php?rest_route=\/wp\/v2\/pages\/8\/revisions"}],"predecessor-version":[{"id":10,"href":"https:\/\/psychiatriebeschwerde-hl-oh.de\/index.php?rest_route=\/wp\/v2\/pages\/8\/revisions\/10"}],"wp:attachment":[{"href":"https:\/\/psychiatriebeschwerde-hl-oh.de\/index.php?rest_route=%2Fwp%2Fv2%2Fmedia&parent=8"}],"curies":[{"name":"wp","href":"https:\/\/api.w.org\/{rel}","templated":true}]}}