{"id":26,"date":"2019-02-25T22:47:05","date_gmt":"2019-02-25T22:47:05","guid":{"rendered":"http:\/\/psychiatriebeschwerde-hl-oh.de\/?page_id=26"},"modified":"2019-04-04T21:11:52","modified_gmt":"2019-04-04T21:11:52","slug":"datenschutzerklaerung","status":"publish","type":"page","link":"https:\/\/psychiatriebeschwerde-hl-oh.de\/?page_id=26","title":{"rendered":"Datenschutzerkl\u00e4rung"},"content":{"rendered":"\n<p>Der Schutz Ihrer personenbezogenen Daten wird bei der Nutzung dieser Webseiten sehr ernst genommen. Nachfolgend werden Sie \u00fcber die Erhebung, die Verarbeitung und die Nutzung Ihrer personenbezogenen Daten informiert, wenn Sie diese Webseiten besuchen und die dort angebotenen Services und Dienstleistungen nutzen.<\/p>\n\n\n\n<h3 class=\"wp-block-heading\"><strong>1. Information zu personenbezogenen Daten<\/strong> <\/h3>\n\n\n\n<p>(1) Personenbezogene Daten sind solche Einzelangaben, die sich auf eine Person beziehen oder die geeignet sind, einen Bezug zu einer Person herzustellen, wie z.B. der Name, die Post-Adresse, eine Telefonnummer, eine E-Mail-Adresse, die Bankverbindung etc. Durch personenbezogene Daten kann unter Umst\u00e4nden somit auf die Identit\u00e4t einer Person r\u00fcckgeschlossen werden.<\/p>\n\n\n\n<p>(2) Diese Datenschutz-Information gilt f\u00fcr die Datenverarbeitung durch:<br>Beschwerdestelle f\u00fcr Psychiatrieerfahrene und deren Angeh\u00f6rige f\u00fcr die Hansestadt L\u00fcbeck und den Kreis Ostholstein e.V.<br>Adolfstrasse 9<br>23568 L\u00fcbeck<\/p>\n\n\n\n<p>Der_die betriebliche Datenschutzbeauftragte ist unter der o.g. Anschrift beziehungsweise unter datenschutzbeauftragter@psychiatriebeschwerde-hl-oh.de erreichbar.<\/p>\n\n\n\n<h3 class=\"wp-block-heading\"> <strong>2. <\/strong> <strong>Betroffenenrechte<\/strong> <\/h3>\n\n\n\n<p>Im Zusammenhang mit unserer Verarbeitung Ihrer Daten haben Sie folgende Rechte:<\/p>\n\n\n\n<p>(1) Recht auf Auskunft gem\u00e4\u00df Art. 15 DSGVO \u00fcber die Verarbeitung Ihrer personenbezogenen Daten durch uns:<\/p>\n\n\n\n<ul><li>Verarbeitungszweck<\/li><li>Kategorien verarbeiteter Daten<\/li><li>Empf\u00e4nger oder Empf\u00e4ngerkategorien<\/li><li>Dauer der Speicherung oder Kriterien f\u00fcr die Festlegung der Dauer<\/li><li>Recht auf Berichtigung, L\u00f6schung, Einschr\u00e4nkung der Verarbeitung oder Widerspruch gegen die Verarbeitung<\/li><li>Beschwerderecht bei der Aufsichtsbeh\u00f6rde<\/li><li>ggf. Informationen \u00fcber die Herkunft der Daten und das Bestehen einer automatisierten Entscheidungsfindung<\/li><li>ggf. Unterrichtung \u00fcber Garantien gem\u00e4\u00df Art. 46 DSGVO bei \u00dcbermittlung an ein Drittland oder internationale Organisationen.<\/li><\/ul>\n\n\n\n<p>(2) Recht auf unverz\u00fcgliche Berichtigung unrichtiger oder Vervollst\u00e4ndigung unvollst\u00e4ndiger personenbezogener Daten gem\u00e4\u00df Art. 16 DSGVO.<\/p>\n\n\n\n<p>(3) Recht auf L\u00f6schung der gespeicherten personenbezogenen Daten gem\u00e4\u00df Art. 17 DSGVO, wenn die Daten f\u00fcr die Zwecke, f\u00fcr die sie erhoben oder auf sonstige Weise verarbeitet wurden, nicht mehr notwendig sind, wenn eine erteilte Einwilligung widerrufen wurde und es an einer anderweitigen Rechtsgrundlage fehlt, wenn Widerspruch gegen die Verarbeitung eingelegt wurde und die Daten gem\u00e4\u00df Art. 21 Abs. 1 oder 2 DSGVO nicht mehr verarbeitet werden d\u00fcrfen, wenn die Daten unrechtm\u00e4\u00dfig verarbeitet wurden, wenn die L\u00f6schung zur Erf\u00fcllung einer rechtlichen Verpflichtung erforderlich ist oder wenn die Daten in Bezug auf angebotene Dienste einer Informationsgesellschaft gem\u00e4\u00df Art. 8 Abs. 1 DSGVO erhoben wurden.<\/p>\n\n\n\n<p>Dies gilt nicht, soweit die Verarbeitung zur Aus\u00fcbung des Rechts auf freie Meinungs\u00e4u\u00dferung und Information, Erf\u00fcllung einer rechtlichen Verpflichtung, aus Gr\u00fcnden des \u00f6ffentlichen Interesses oder zur Geltendmachung, Aus\u00fcbung oder Verteidigung von Rechtsanspr\u00fcchen erforderlich ist.<\/p>\n\n\n\n<p>(4) Recht auf Einschr\u00e4nkung der Verarbeitung gem\u00e4\u00df Art. 18 DSGVO, wenn Sie die Richtigkeit der Daten bestreiten (und zwar f\u00fcr die Dauer, die f\u00fcr eine \u00dcberpr\u00fcfung der Richtigkeit erforderlich ist), wenn die Verarbeitung unrechtm\u00e4\u00dfig ist, Sie aber die L\u00f6schung ablehnen und stattdessen die Einschr\u00e4nkung der Nutzung verlangen, wenn wir die Daten f\u00fcr die Zwecke der Verarbeitung nicht l\u00e4nger ben\u00f6tigen, Sie die Daten jedoch zur Geltendmachung, Aus\u00fcbung oder Verteidigung von Rechtsanspr\u00fcchen ben\u00f6tigen, oder wenn Sie Widerspruch gegen die Verarbeitung gem\u00e4\u00df Art. 21 Abs. 1 DSGVO eingelegt haben, solange noch nicht feststeht, ob unsere berechtigten Gr\u00fcnde Ihre berechtigten Gr\u00fcnde \u00fcberwiegen.<\/p>\n\n\n\n<p>(5) Widerspruchsrecht gegen die Verarbeitung Ihrer personenbezogenen Daten gem\u00e4\u00df Art. 21 Abs. 2 DSGVO (wenn die Daten zum Zwecke der Direktwerbung verarbeitet werden) oder gem\u00e4\u00df Art. 21 Abs. 1 DSGVO (wenn die Verarbeitung gem\u00e4\u00df Art. 6 Abs. 1 S. 1 e) oder f) DSGVO erfolgt, aus Gr\u00fcnden, die sich aus Ihrer besonderen Situation ergeben, es sei denn, wir haben zwingende schutzw\u00fcrdige Gr\u00fcnde f\u00fcr die Verarbeitung, die Ihre Interessen \u00fcberwiegen, oder die Verarbeitung dient der Geltendmachung, Aus\u00fcbung oder Verteidigung von Rechtsanspr\u00fcchen). N\u00e4here Informationen zum Widerspruchsrecht entnehmen Sie bitte auch Ziffer 13.<\/p>\n\n\n\n<p>(6) Recht auf Daten\u00fcbertragbarkeit gem\u00e4\u00df Art. 20 DSGVO, d.h. auf Erhalt der Sie betreffenden personenbezogenen Daten, die Sie uns bereitgestellt haben, in einem strukturierten, g\u00e4ngigen und maschinenlesbaren Format oder auch auf \u00dcbermittlung an einen anderen Verantwortlichen.<\/p>\n\n\n\n<p>(7) Recht zum jederzeitigen Widerruf einer erteilten Einwilligung gem\u00e4\u00df Art. 7 Abs. 3 DSGVO. Der Widerruf hat zur Folge, dass wir ab dem Zeitpunkt des Widerrufs die Datenverarbeitung f\u00fcr die Zukunft nicht mehr durchf\u00fchren d\u00fcrfen. Vgl. hierzu auch Ziffer 14.<\/p>\n\n\n\n<p>(8) Recht zur Beschwerde bei einer Aufsichtsbeh\u00f6rde gem\u00e4\u00df Art. 77 DSGVO. Die f\u00fcr uns zust\u00e4ndige Aufsichtsbeh\u00f6rde finden Sie unter Ziffer 3. Das Beschwerderecht gilt unbeschadet anderweitiger verwaltungsrechtlicher oder gerichtlicher Rechtsbehelfe.<\/p>\n\n\n\n<p>(9) Alle Informationsw\u00fcnsche, Auskunftsanfragen oder Widerspr\u00fcche zur Datenverarbeitung richten Sie bitte per E-Mail an datenschutzbeauftragter@psychiatriebeschwerde-hl-oh.de oder an die unter Punkt 1 Abs. 2 genannte Adresse.<\/p>\n\n\n\n<h3 class=\"wp-block-heading\">3. Aufsichtsbeh\u00f6rde<\/h3>\n\n\n\n<p>Die Anschrift der f\u00fcr uns zust\u00e4ndigen Aufsichtsbeh\u00f6rde lautet:<br>Unabh\u00e4ngiges Landeszentrum f\u00fcr Datenschutz Schleswig-Holstein, Holstenstra\u00dfe 98, 24103 Kiel,<br>Tel.: +49 431 988-1200, Fax: +49 431 988-1223<br>E-Mail: mail@datenschutzzentrum.de<br>Homepage: www.datenschutzzentrum.de <\/p>\n\n\n\n<h3 class=\"wp-block-heading\">4. Speicherung von Zugriffsdaten <\/h3>\n\n\n\n<p>(1) Bei jedem Zugriff auf unseren Internetauftritt werden Zugriffsdaten in einer Protokolldatei auf dem Server unseres Providers gespeichert. <\/p>\n\n\n\n<p>(2) Dieser Datensatz besteht z.B. aus Ihrer IP-Adresse, Datum und Uhrzeit der Anforderung, dem Namen der angeforderten Datei, der \u00fcbertragenen Dateimenge und dem Zugriffsstatus, einer Beschreibung des verwendeten Webbrowsers und Betriebssystems sowie dem Namen Ihres Internet Service Providers.<\/p>\n\n\n\n<p>(3) Diese Daten werden aus technischen Gr\u00fcnden erhoben. Eine Auswertung findet ausschlie\u00dflich zu statistischen Zwecken und ohne Personenbezug (Besucherzahlen und Seitenpopularit\u00e4t) statt. Eine L\u00f6schung erfolgt automatisch nach sp\u00e4testens 14 Tagen.<\/p>\n\n\n\n<h3 class=\"wp-block-heading\">5. Erhebung personenbezogener Daten bei informatorischer Nutzung <\/h3>\n\n\n\n<p>(1) Bei der blo\u00df informatorischen Nutzung der Webseite, also wenn Sie sich nicht zur Nutzung der Webseite anmelden, registrieren oder uns sonst Informationen \u00fcbermitteln, erheben wir keine personenbezogenen Daten, mit Ausnahme der unter 4.2 erw\u00e4hnten Daten, die Ihr Browser \u00fcbermittelt, um Ihnen den Besuch der Webseite technisch zu erm\u00f6glichen.<\/p>\n\n\n\n<p>(2) Auf dieser Webseite werden keine Cookies verwendet.<\/p>\n\n\n\n<h3 class=\"wp-block-heading\">6. Nutzung von Funktionen unserer Webseite <\/h3>\n\n\n\n<p>Bei Ihrer Kontaktaufnahme mit dem Diensteanbieter per E-Mail wird Ihre E-Mail-Adresse und, falls Sie dies angeben, Ihr Name und Ihre Telefonnummer von uns gespeichert, um Ihre Fragen zu beantworten.<\/p>\n\n\n\n<h3 class=\"wp-block-heading\">7. Haftung f\u00fcr Inhalte<\/h3>\n\n\n\n<p>Die Inhalte unserer Seiten wurden mit gr\u00f6\u00dfter Sorgfalt erstellt. F\u00fcr die Richtigkeit, Vollst\u00e4ndigkeit und Aktualit\u00e4t der Inhalte k\u00f6nnen wir jedoch keine Gew\u00e4hr \u00fcbernehmen. Als Diensteanbieter sind wir gem\u00e4\u00df \u00a7 7 Abs.1 TMG f\u00fcr eigene Inhalte auf diesen Seiten nach den allgemeinen Gesetzen verantwortlich. Nach \u00a7\u00a7 8 bis 10 TMG sind wir als Diensteanbieter jedoch nicht verpflichtet, \u00fcbermittelte oder gespeicherte fremde Informationen zu \u00fcberwachen oder nach Umst\u00e4nden zu forschen, die auf eine rechtswidrige T\u00e4tigkeit hinweisen. Verpflichtungen zur Entfernung oder Sperrung der Nutzung von Informationen nach den allgemeinen Gesetzen bleiben hiervon unber\u00fchrt. Eine diesbez\u00fcgliche Haftung ist jedoch erst ab dem Zeitpunkt der Kenntnis einer konkreten Rechtsverletzung m\u00f6glich. Bei Bekanntwerden von entsprechenden Rechtsverletzungen werden wir diese Inhalte umgehend entfernen.<\/p>\n\n\n\n<h3 class=\"wp-block-heading\">8. Haftung f\u00fcr Links <\/h3>\n\n\n\n<p>Unsere Seiten enthalten eventuell Links zu externen Webseiten Dritter, auf deren Inhalte wir keinen Einfluss haben. Deshalb k\u00f6nnen wir f\u00fcr diese fremden Inhalte auch keine Gew\u00e4hr \u00fcbernehmen. F\u00fcr die Inhalte der verlinkten Seiten ist stets der jeweilige Anbieter oder Betreiber der Seiten verantwortlich. Die verlinkten Seiten wurden zum Zeitpunkt der Verlinkung auf m\u00f6gliche Rechtsverst\u00f6\u00dfe \u00fcberpr\u00fcft. Rechtswidrige Inhalte waren zum Zeitpunkt der Verlinkung nicht erkennbar. Eine permanente inhaltliche Kontrolle der verlinkten Seiten ist jedoch ohne konkrete Anhaltspunkte einer Rechtsverletzung nicht zumutbar. Bei Bekanntwerden von Rechtsverletzungen werden wir derartige Links umgehend entfernen. <\/p>\n\n\n\n<h3 class=\"wp-block-heading\">9. Datensicherheit <\/h3>\n\n\n\n<p>Wir verwenden innerhalb des Website-Besuchs das verbreitete SSL-Verfahren (Secure Socket Layer) in Verbindung mit der jeweils h\u00f6chsten Verschl\u00fcsselungsstufe, die von Ihrem Browser unterst\u00fctzt wird. In der Regel handelt es sich dabei um eine 256 Bit Verschl\u00fcsselung. Falls Ihr Browser keine 256-Bit Verschl\u00fcsselung unterst\u00fctzt, greifen wir stattdessen auf 128-Bit v3 Technologie zur\u00fcck. Ob eine einzelne Seite unseres Internetauftrittes verschl\u00fcsselt \u00fcbertragen wird, erkennen Sie an der geschlossenen Darstellung des Schl\u00fcssel- beziehungsweise Schloss-Symbols in der Adresszeile Ihres Browsers (neben der URL). <\/p>\n\n\n\n<p>Wir sichern unsere Webseite und sonstigen Systeme durch geeignete technische und organisatorische Ma\u00dfnahmen gegen Verlust, Zerst\u00f6rung, Zugriff, Ver\u00e4nderung oder Verbreitung Ihrer Daten durch unbefugte Personen. Trotz regelm\u00e4\u00dfiger Kontrollen ist ein vollst\u00e4ndiger Schutz gegen alle Gefahren jedoch nicht m\u00f6glich.<\/p>\n\n\n\n<h3 class=\"wp-block-heading\">10. Weitergabe von Daten <\/h3>\n\n\n\n<p>Eine Weitergabe Ihrer personenbezogenen Daten an Dritte erfolgt nur,<\/p>\n\n\n\n<ul><li>wenn Sie hierzu Ihre ausdr\u00fcckliche Einwilligung gem\u00e4\u00df Art. 6 Abs. 1 S. 1 a) DSGVO erteilt haben;<\/li><li>wenn die Weitergabe zur Erf\u00fcllung von vertraglichen Pflichten gem\u00e4\u00df Art. 6 Abs. 1 S. 1 b) DSGVO erforderlich ist;<\/li><li>wenn wir zur Weitergabe der Daten gesetzlich verpflichtet i.S.d. Art. 6 Abs. 1 S. 1 c) DSGVO sind;<\/li><li>wenn die Weitergabe der Daten im \u00f6ffentlichen Interesse i.S.d. Art. 6 Abs. 1 e) DSGVO liegt oder;<\/li><li>wenn die Weitergabe der Daten nach Art. 6 Abs. 1 S. 1 f) DSGVO zur Wahrung unserer berechtigten Interessen oder der berechtigten Interessen eines Dritten erforderlich ist, sofern nicht Ihre Interessen an dem Schutz Ihrer Daten \u00fcberwiegen.<\/li><\/ul>\n\n\n\n<h3 class=\"wp-block-heading\">11. Datenkategorien<br><\/h3>\n\n\n\n<p>Wir verarbeiten nachfolgende Kategorien von Daten: Stammdaten (wie zum Beispiel Firma, ggf. Ansprechpartner, Adresse), Kommunikationsdaten, Vertragsdaten, Forderungsdaten, ggf. Zahlungs- und Verzugsinformationen.<\/p>\n\n\n\n<h3 class=\"wp-block-heading\">12. Dauer der Speicherung personenbezogener Daten <\/h3>\n\n\n\n<p>Ihre Daten werden von uns so lange gespeichert, wie sie f\u00fcr die jeweiligen der Verarbeitung zugrunde liegenden Zwecke ben\u00f6tigt werden. Dar\u00fcber hinaus speichern wir Daten nur, soweit wir hierzu rechtlich verpflichtet sind, z.B. aufgrund gesetzlicher Aufbewahrungspflichten. <\/p>\n\n\n\n<h3 class=\"wp-block-heading\">13. Informationen zum Widerspruchsrecht <\/h3>\n\n\n\n<p>Ein Widerspruch gegen die Verarbeitung Sie betreffender personenbezogener Daten, auf Grund von Artikel 6 Abs. 1 e) (Datenverarbeitung um \u00f6ffentlichen Interesse) oder f) (Datenverarbeitung zur Wahrung berechtigter Interessen auf Grundlage einer Interessenabw\u00e4gung) ist gem\u00e4\u00df Artikel 21 DSGVO jederzeit m\u00f6glich. Im Falle eines Widerspruches werden die personenbezogenen Daten nicht mehr verarbeitet, es sei denn, es werden zwingende schutzw\u00fcrdige Gr\u00fcnde f\u00fcr die Verarbeitung nachgewiesen, die die Interessen, Rechte und Freiheiten der betroffenen Person \u00fcberwiegen oder die Verarbeitung dient der Geltendmachung, Aus\u00fcbung oder Verteidigung von Rechtsanspr\u00fcchen.<br>Bitte richten Sie Ihren Widerspruch an die E-Mailadresse datenschutzbeauftragter@psychiatriebeschwerde-hl-oh.de. <\/p>\n\n\n\n<h3 class=\"wp-block-heading\">14. Informationen zum Widerrufsrecht <\/h3>\n\n\n\n<p>Sofern Sie uns gegen\u00fcber eine Einwilligung in die Verarbeitung personenbezogener Daten erteilt haben, k\u00f6nnen Sie diese jederzeit uns gegen\u00fcber widerrufen. Selbstverst\u00e4ndlich gilt dies auch f\u00fcr uns gegen\u00fcber vor dem 25. Mai 2018 (vor der Geltung der DSGVO) erteilte Einwilligungserkl\u00e4rungen. Der Widerruf einer Einwilligung kann immer erst f\u00fcr die Zukunft Geltung entfalten. Die Rechtm\u00e4\u00dfigkeit der Verarbeitung wird durch einen Widerruf nicht r\u00fcckwirkend beseitigt.<br>Bitte richten Sie Ihren Widerruf per E-Mail an datenschutzbeauftragter@psychiatriebeschwerde-hl-oh.de. <\/p>\n\n\n\n<h3 class=\"wp-block-heading\">15. Aktualit\u00e4t <\/h3>\n\n\n\n<p>Diese Datenschutzerkl\u00e4rung hat den Stand 19.03.2019. Sie ist die aktuelle und g\u00fcltige Fassung unserer Datenschutzerkl\u00e4rung.<br>Wir weisen jedoch darauf hin, dass von Zeit zu Zeit auf Grund tats\u00e4chlicher oder gesetzlicher \u00c4nderungen eine \u00dcberarbeitung an dieser Datenschutzerkl\u00e4rung notwendig werden kann. <\/p>\n\n\n\n<h3 class=\"wp-block-heading\">16. Datenschutzbeauftragte_r <\/h3>\n\n\n\n<p>Bei Datenschutzfragen wenden Sie sich bitte an datenschutzbeauftragter@psychiatriebeschwerde-hl-oh.de. <\/p>\n","protected":false},"excerpt":{"rendered":"<p>Der Schutz Ihrer personenbezogenen Daten wird bei der Nutzung dieser Webseiten sehr ernst genommen. Nachfolgend werden Sie \u00fcber die Erhebung, die Verarbeitung und die Nutzung Ihrer personenbezogenen Daten informiert, wenn Sie diese Webseiten besuchen und die dort angebotenen Services und Dienstleistungen nutzen. 1. Information zu personenbezogenen Daten (1) Personenbezogene Daten sind solche Einzelangaben, die sich &#8230; <a title=\"Datenschutzerkl\u00e4rung\" class=\"read-more\" href=\"https:\/\/psychiatriebeschwerde-hl-oh.de\/?page_id=26\">weiterlesen<span class=\"screen-reader-text\">Datenschutzerkl\u00e4rung<\/span><\/a><\/p>\n","protected":false},"author":1,"featured_media":0,"parent":0,"menu_order":0,"comment_status":"closed","ping_status":"closed","template":"","meta":{"footnotes":""},"_links":{"self":[{"href":"https:\/\/psychiatriebeschwerde-hl-oh.de\/index.php?rest_route=\/wp\/v2\/pages\/26"}],"collection":[{"href":"https:\/\/psychiatriebeschwerde-hl-oh.de\/index.php?rest_route=\/wp\/v2\/pages"}],"about":[{"href":"https:\/\/psychiatriebeschwerde-hl-oh.de\/index.php?rest_route=\/wp\/v2\/types\/page"}],"author":[{"embeddable":true,"href":"https:\/\/psychiatriebeschwerde-hl-oh.de\/index.php?rest_route=\/wp\/v2\/users\/1"}],"replies":[{"embeddable":true,"href":"https:\/\/psychiatriebeschwerde-hl-oh.de\/index.php?rest_route=%2Fwp%2Fv2%2Fcomments&post=26"}],"version-history":[{"count":4,"href":"https:\/\/psychiatriebeschwerde-hl-oh.de\/index.php?rest_route=\/wp\/v2\/pages\/26\/revisions"}],"predecessor-version":[{"id":93,"href":"https:\/\/psychiatriebeschwerde-hl-oh.de\/index.php?rest_route=\/wp\/v2\/pages\/26\/revisions\/93"}],"wp:attachment":[{"href":"https:\/\/psychiatriebeschwerde-hl-oh.de\/index.php?rest_route=%2Fwp%2Fv2%2Fmedia&parent=26"}],"curies":[{"name":"wp","href":"https:\/\/api.w.org\/{rel}","templated":true}]}}