{"id":24,"date":"2019-02-25T22:44:15","date_gmt":"2019-02-25T22:44:15","guid":{"rendered":"http:\/\/psychiatriebeschwerde-hl-oh.de\/?page_id=24"},"modified":"2023-08-22T18:48:12","modified_gmt":"2023-08-22T18:48:12","slug":"impressum-und-dsgvo","status":"publish","type":"page","link":"https:\/\/psychiatriebeschwerde-hl-oh.de\/?page_id=24","title":{"rendered":"Impressum"},"content":{"rendered":"\n<p>Beschwerdestelle f\u00fcr Psychiatrieerfahrene und deren Angeh\u00f6rige f\u00fcr die Hansestadt L\u00fcbeck und den Kreis Ostholstein e.V.<br>Adolfstrasse 9<br>23568 L\u00fcbeck<\/p>\n\n\n\n<p>Telefon: 0451-384440<br>E-Mail: info@psychiatriebeschwerde.de<\/p>\n\n\n\n<p>Die Beschwerdestelle f\u00fcr Psychiatrieerfahrene und deren Angeh\u00f6rige ist ein eingetragener Verein und als gemeinn\u00fctzig anerkannt.<\/p>\n\n\n\n<p>1. Vorsitzender: Franz Josef B\u00f6cher<\/p>\n","protected":false},"excerpt":{"rendered":"<p>Beschwerdestelle f\u00fcr Psychiatrieerfahrene und deren Angeh\u00f6rige f\u00fcr die Hansestadt L\u00fcbeck und den Kreis Ostholstein e.V.Adolfstrasse 923568 L\u00fcbeck Telefon: 0451-384440E-Mail: info@psychiatriebeschwerde.de Die Beschwerdestelle f\u00fcr Psychiatrieerfahrene und deren Angeh\u00f6rige ist ein eingetragener Verein und als gemeinn\u00fctzig anerkannt. 1. Vorsitzender: Franz Josef B\u00f6cher<\/p>\n","protected":false},"author":1,"featured_media":0,"parent":0,"menu_order":0,"comment_status":"closed","ping_status":"closed","template":"","meta":{"footnotes":""},"_links":{"self":[{"href":"https:\/\/psychiatriebeschwerde-hl-oh.de\/index.php?rest_route=\/wp\/v2\/pages\/24"}],"collection":[{"href":"https:\/\/psychiatriebeschwerde-hl-oh.de\/index.php?rest_route=\/wp\/v2\/pages"}],"about":[{"href":"https:\/\/psychiatriebeschwerde-hl-oh.de\/index.php?rest_route=\/wp\/v2\/types\/page"}],"author":[{"embeddable":true,"href":"https:\/\/psychiatriebeschwerde-hl-oh.de\/index.php?rest_route=\/wp\/v2\/users\/1"}],"replies":[{"embeddable":true,"href":"https:\/\/psychiatriebeschwerde-hl-oh.de\/index.php?rest_route=%2Fwp%2Fv2%2Fcomments&post=24"}],"version-history":[{"count":3,"href":"https:\/\/psychiatriebeschwerde-hl-oh.de\/index.php?rest_route=\/wp\/v2\/pages\/24\/revisions"}],"predecessor-version":[{"id":107,"href":"https:\/\/psychiatriebeschwerde-hl-oh.de\/index.php?rest_route=\/wp\/v2\/pages\/24\/revisions\/107"}],"wp:attachment":[{"href":"https:\/\/psychiatriebeschwerde-hl-oh.de\/index.php?rest_route=%2Fwp%2Fv2%2Fmedia&parent=24"}],"curies":[{"name":"wp","href":"https:\/\/api.w.org\/{rel}","templated":true}]}}