{"id":14,"date":"2019-02-25T22:20:07","date_gmt":"2019-02-25T22:20:07","guid":{"rendered":"http:\/\/psychiatriebeschwerde-hl-oh.de\/?page_id=14"},"modified":"2019-02-25T22:20:07","modified_gmt":"2019-02-25T22:20:07","slug":"herzlich-willkommen","status":"publish","type":"page","link":"https:\/\/psychiatriebeschwerde-hl-oh.de\/","title":{"rendered":"Herzlich Willkommen"},"content":{"rendered":"\n<p>Wenn seelisch erkrankte Menschen und ihre Angeh\u00f6rigen zusammenkommen, gibt es viele W\u00fcnsche an die Art der Behandlung und Betreuung wie z. B.:<\/p>\n\n\n\n<ul><li>mehr Zeit f\u00fcr Gespr\u00e4che,<\/li><li>mehr Mitsprache und<\/li><li>ein freundlicherer Umgangston.<\/li><\/ul>\n\n\n\n<p><strong>Doch wenn der Versuch scheitert, W\u00fcnsche oder Beschwerden vor Ort anzubringen, was dann?<\/strong><\/p>\n\n\n\n<p>Eine Gruppe aus Psychiatrieerfahrenen, Angeh\u00f6rigen und Fachleuten verschiedener psychiatrischer Einrichtungen sowie \u00c4rzte und Juristen haben sich zusammengetan, um hier Hilfe anzubieten.<\/p>\n\n\n\n<p>Die Beschwerdestelle unterst\u00fctzt als unabh\u00e4ngiges Gremium Psychiatrieerfahrene und deren Angeh\u00f6rige bei der Wahrnehmung ihrer Interessen gegen\u00fcber Institutionen und Personen.<\/p>\n\n\n\n<p>Wir sind ein Ombudsverein f\u00fcr Menschen mit seelischen Erkrankungen.<\/p>\n\n\n\n<p>Die Unterst\u00fctzung betrifft nicht nur den Kern pers\u00f6nlicher Rechte, sondern umfasst das ganze Spektrum der Unterbringung, \u00e4rztlichen Behandlung, Therapie, psychosozialer Betreuung, Pflege und den Kontakt mit \u00c4mtern und Beh\u00f6rden.<\/p>\n","protected":false},"excerpt":{"rendered":"<p>Wenn seelisch erkrankte Menschen und ihre Angeh\u00f6rigen zusammenkommen, gibt es viele W\u00fcnsche an die Art der Behandlung und Betreuung wie z. B.: mehr Zeit f\u00fcr Gespr\u00e4che, mehr Mitsprache und ein freundlicherer Umgangston. Doch wenn der Versuch scheitert, W\u00fcnsche oder Beschwerden vor Ort anzubringen, was dann? Eine Gruppe aus Psychiatrieerfahrenen, Angeh\u00f6rigen und Fachleuten verschiedener psychiatrischer Einrichtungen &#8230; <a title=\"Herzlich Willkommen\" class=\"read-more\" href=\"https:\/\/psychiatriebeschwerde-hl-oh.de\/\">weiterlesen<span class=\"screen-reader-text\">Herzlich Willkommen<\/span><\/a><\/p>\n","protected":false},"author":1,"featured_media":0,"parent":0,"menu_order":0,"comment_status":"closed","ping_status":"closed","template":"","meta":{"footnotes":""},"_links":{"self":[{"href":"https:\/\/psychiatriebeschwerde-hl-oh.de\/index.php?rest_route=\/wp\/v2\/pages\/14"}],"collection":[{"href":"https:\/\/psychiatriebeschwerde-hl-oh.de\/index.php?rest_route=\/wp\/v2\/pages"}],"about":[{"href":"https:\/\/psychiatriebeschwerde-hl-oh.de\/index.php?rest_route=\/wp\/v2\/types\/page"}],"author":[{"embeddable":true,"href":"https:\/\/psychiatriebeschwerde-hl-oh.de\/index.php?rest_route=\/wp\/v2\/users\/1"}],"replies":[{"embeddable":true,"href":"https:\/\/psychiatriebeschwerde-hl-oh.de\/index.php?rest_route=%2Fwp%2Fv2%2Fcomments&post=14"}],"version-history":[{"count":1,"href":"https:\/\/psychiatriebeschwerde-hl-oh.de\/index.php?rest_route=\/wp\/v2\/pages\/14\/revisions"}],"predecessor-version":[{"id":15,"href":"https:\/\/psychiatriebeschwerde-hl-oh.de\/index.php?rest_route=\/wp\/v2\/pages\/14\/revisions\/15"}],"wp:attachment":[{"href":"https:\/\/psychiatriebeschwerde-hl-oh.de\/index.php?rest_route=%2Fwp%2Fv2%2Fmedia&parent=14"}],"curies":[{"name":"wp","href":"https:\/\/api.w.org\/{rel}","templated":true}]}}